{"id":173,"date":"2022-11-17T09:52:28","date_gmt":"2022-11-17T09:52:28","guid":{"rendered":"https:\/\/catieca.webs.upv.es\/?page_id=173"},"modified":"2022-11-24T21:25:46","modified_gmt":"2022-11-24T21:25:46","slug":"contacto","status":"publish","type":"page","link":"https:\/\/catieca.webs.upv.es\/index.php\/contacto\/","title":{"rendered":"Contacto"},"content":{"rendered":"\t\t<div data-elementor-type=\"wp-page\" data-elementor-id=\"173\" class=\"elementor elementor-173\">\n\t\t\t\t\t\t<section class=\"elementor-section elementor-top-section elementor-element elementor-element-769bcdc6 elementor-section-boxed elementor-section-height-default elementor-section-height-default\" data-id=\"769bcdc6\" data-element_type=\"section\" data-e-type=\"section\">\n\t\t\t\t\t\t<div class=\"elementor-container elementor-column-gap-default\">\n\t\t\t\t\t<div class=\"elementor-column elementor-col-100 elementor-top-column elementor-element elementor-element-95a8554\" data-id=\"95a8554\" data-element_type=\"column\" data-e-type=\"column\">\n\t\t\t<div class=\"elementor-widget-wrap elementor-element-populated\">\n\t\t\t\t\t\t<div class=\"elementor-element elementor-element-5cf3b662 elementor-widget elementor-widget-text-editor\" data-id=\"5cf3b662\" data-element_type=\"widget\" data-e-type=\"widget\" data-widget_type=\"text-editor.default\">\n\t\t\t\t<div class=\"elementor-widget-container\">\n\t\t\t\t\t\t\t\t\t\t\t\t\t\t\t\t\t<\/div>\n\t\t\t\t<\/div>\n\t\t\t\t\t<\/div>\n\t\t<\/div>\n\t\t\t\t\t<\/div>\n\t\t<\/section>\n\t\t\t\t<section class=\"elementor-section elementor-top-section elementor-element elementor-element-42b429e elementor-section-boxed elementor-section-height-default elementor-section-height-default\" data-id=\"42b429e\" data-element_type=\"section\" data-e-type=\"section\">\n\t\t\t\t\t\t<div class=\"elementor-container elementor-column-gap-default\">\n\t\t\t\t\t<div class=\"elementor-column elementor-col-100 elementor-top-column elementor-element elementor-element-568b60a\" data-id=\"568b60a\" data-element_type=\"column\" data-e-type=\"column\">\n\t\t\t<div class=\"elementor-widget-wrap elementor-element-populated\">\n\t\t\t\t\t\t<div class=\"elementor-element elementor-element-b5e7ff6 elementor-widget elementor-widget-html\" data-id=\"b5e7ff6\" data-element_type=\"widget\" data-e-type=\"widget\" data-widget_type=\"html.default\">\n\t\t\t\t<div class=\"elementor-widget-container\">\n\t\t\t\t\t<!--C\u00d3DIGO CUSTOM: Animaci\u00f3n navbar y paddings-->\n\n<style>\n#navbar {\n\tposition: fixed;\n\tleft: 0;\n\twidth: 100%;\n\tbackground-color: white;\n\ttransition: top 0.3s;\n}\n\n\n.first-section {\n    padding-top: 50px;\n}\n\n@media screen and (min-width:1024px) {\n\t.first-section {\n\t\tpadding-top: 100px;\n\t}\n}\n\n@media screen and (min-width: :767px) {\n\t.first-section {\n\t\tpadding-top: 16.5vh;\n\t}\n}\n<\/style>\n\n<script>\nlet navbar = document.getElementById(\"navbar\")\nlet prevScrollpos = window.pageYOffset;\nlet firstsection = document.getElementsByClassName(\"elementor-top-section\")[1]\n\nfirstsection.classList.add(\"first-section\")\n\n  window.onscroll = function() {\n  let currentScrollPos = window.pageYOffset;\n\n    if (prevScrollpos > currentScrollPos) {\n      navbar.style.top = \"0\";\n    } else {\n      navbar.style.top = \"-150px\";\n    }\n    prevScrollpos = currentScrollPos;\n  }\n<\/script>\t\t\t\t<\/div>\n\t\t\t\t<\/div>\n\t\t\t\t<div class=\"elementor-element elementor-element-868bcbc elementor-widget elementor-widget-spacer\" data-id=\"868bcbc\" data-element_type=\"widget\" data-e-type=\"widget\" data-widget_type=\"spacer.default\">\n\t\t\t\t<div class=\"elementor-widget-container\">\n\t\t\t\t\t\t\t<div class=\"elementor-spacer\">\n\t\t\t<div class=\"elementor-spacer-inner\"><\/div>\n\t\t<\/div>\n\t\t\t\t\t\t<\/div>\n\t\t\t\t<\/div>\n\t\t\t\t<div class=\"elementor-element elementor-element-3ec782b elementor-widget elementor-widget-heading\" data-id=\"3ec782b\" data-element_type=\"widget\" data-e-type=\"widget\" data-widget_type=\"heading.default\">\n\t\t\t\t<div class=\"elementor-widget-container\">\n\t\t\t\t\t<h2 class=\"elementor-heading-title elementor-size-default\">Contacto<\/h2>\t\t\t\t<\/div>\n\t\t\t\t<\/div>\n\t\t\t\t<div class=\"elementor-element elementor-element-a1ff42f elementor-widget-divider--view-line elementor-widget elementor-widget-divider\" data-id=\"a1ff42f\" data-element_type=\"widget\" data-e-type=\"widget\" data-widget_type=\"divider.default\">\n\t\t\t\t<div class=\"elementor-widget-container\">\n\t\t\t\t\t\t\t<div class=\"elementor-divider\">\n\t\t\t<span class=\"elementor-divider-separator\">\n\t\t\t\t\t\t<\/span>\n\t\t<\/div>\n\t\t\t\t\t\t<\/div>\n\t\t\t\t<\/div>\n\t\t\t\t\t<\/div>\n\t\t<\/div>\n\t\t\t\t\t<\/div>\n\t\t<\/section>\n\t\t\t\t<section class=\"elementor-section elementor-top-section elementor-element elementor-element-cf1efdb elementor-section-boxed elementor-section-height-default elementor-section-height-default\" data-id=\"cf1efdb\" data-element_type=\"section\" data-e-type=\"section\">\n\t\t\t\t\t\t<div class=\"elementor-container elementor-column-gap-default\">\n\t\t\t\t\t<div class=\"elementor-column elementor-col-100 elementor-top-column elementor-element elementor-element-3d0686c\" data-id=\"3d0686c\" data-element_type=\"column\" data-e-type=\"column\">\n\t\t\t<div class=\"elementor-widget-wrap elementor-element-populated\">\n\t\t\t\t\t\t<div class=\"elementor-element elementor-element-43740a0 elementor-widget elementor-widget-wpforms\" data-id=\"43740a0\" data-element_type=\"widget\" data-e-type=\"widget\" data-widget_type=\"wpforms.default\">\n\t\t\t\t<div class=\"elementor-widget-container\">\n\t\t\t\t\t<div class=\"wpforms-container wpforms-container-full wpforms-block\" id=\"wpforms-275\"><form id=\"wpforms-form-275\" class=\"wpforms-validate wpforms-form wpforms-ajax-form\" data-formid=\"275\" method=\"post\" enctype=\"multipart\/form-data\" action=\"\/index.php\/wp-json\/wp\/v2\/pages\/173\" data-token=\"ce2f28abc5da13ba38874e3ac3619587\" data-token-time=\"1778863679\"><noscript class=\"wpforms-error-noscript\">Por favor, activa JavaScript en tu navegador para completar este formulario.<\/noscript><div class=\"wpforms-field-container\"><div id=\"wpforms-275-field_0-container\" class=\"wpforms-field wpforms-field-name\" data-field-id=\"0\"><label class=\"wpforms-field-label\" for=\"wpforms-275-field_0\">Nombre <span class=\"wpforms-required-label\">*<\/span><\/label><input type=\"text\" id=\"wpforms-275-field_0\" class=\"wpforms-field-medium wpforms-field-required\" name=\"wpforms[fields][0]\" required><\/div><div id=\"wpforms-275-field_1-container\" class=\"wpforms-field wpforms-field-email\" data-field-id=\"1\"><label class=\"wpforms-field-label\" for=\"wpforms-275-field_1\">Correo electr\u00f3nico <span class=\"wpforms-required-label\">*<\/span><\/label><input type=\"email\" id=\"wpforms-275-field_1\" class=\"wpforms-field-medium wpforms-field-required\" name=\"wpforms[fields][1]\" spellcheck=\"false\" required><\/div><div id=\"wpforms-275-field_2-container\" class=\"wpforms-field wpforms-field-textarea\" data-field-id=\"2\"><label class=\"wpforms-field-label\" for=\"wpforms-275-field_2\">Mensaje<\/label><textarea id=\"wpforms-275-field_2\" class=\"wpforms-field-medium\" name=\"wpforms[fields][2]\" ><\/textarea><\/div><\/div><!-- .wpforms-field-container --><div class=\"wpforms-submit-container\" ><input type=\"hidden\" name=\"wpforms[id]\" value=\"275\"><input type=\"hidden\" name=\"page_title\" value=\"\"><input type=\"hidden\" name=\"page_url\" value=\"https:\/\/catieca.webs.upv.es\/index.php\/wp-json\/wp\/v2\/pages\/173\"><input type=\"hidden\" name=\"url_referer\" value=\"\"><button type=\"submit\" name=\"wpforms[submit]\" id=\"wpforms-submit-275\" class=\"wpforms-submit\" data-alt-text=\"Enviando...\" data-submit-text=\"Enviar\" aria-live=\"assertive\" value=\"wpforms-submit\">Enviar<\/button><img decoding=\"async\" src=\"https:\/\/catieca.webs.upv.es\/wp-content\/plugins\/wpforms-lite\/assets\/images\/submit-spin.svg\" class=\"wpforms-submit-spinner\" style=\"display: none;\" width=\"26\" height=\"26\" alt=\"Cargando\"><\/div><\/form><\/div>  <!-- .wpforms-container -->\t\t\t\t<\/div>\n\t\t\t\t<\/div>\n\t\t\t\t\t<\/div>\n\t\t<\/div>\n\t\t\t\t\t<\/div>\n\t\t<\/section>\n\t\t\t\t<\/div>\n\t\t","protected":false},"excerpt":{"rendered":"<p>Contacto<\/p>\n","protected":false},"author":1,"featured_media":0,"parent":0,"menu_order":2,"comment_status":"closed","ping_status":"closed","template":"","meta":{"footnotes":""},"folder":[7],"class_list":["post-173","page","type-page","status-publish","hentry","entry"],"yoast_head":"<!-- This site is optimized with the Yoast SEO plugin v27.6 - https:\/\/yoast.com\/product\/yoast-seo-wordpress\/ -->\n<title>Contacto - C\u00e1tedra de Integraci\u00f3n Empresarial de Cooperativas Agroalimentarias<\/title>\n<meta name=\"robots\" content=\"index, follow, max-snippet:-1, max-image-preview:large, max-video-preview:-1\" \/>\n<link rel=\"canonical\" href=\"https:\/\/catieca.webs.upv.es\/index.php\/contacto\/\" \/>\n<meta property=\"og:locale\" content=\"es_ES\" \/>\n<meta property=\"og:type\" content=\"article\" \/>\n<meta property=\"og:title\" content=\"Contacto - C\u00e1tedra de Integraci\u00f3n Empresarial de Cooperativas Agroalimentarias\" \/>\n<meta property=\"og:description\" content=\"Contacto\" \/>\n<meta property=\"og:url\" content=\"https:\/\/catieca.webs.upv.es\/index.php\/contacto\/\" \/>\n<meta property=\"og:site_name\" content=\"C\u00e1tedra de Integraci\u00f3n Empresarial de Cooperativas Agroalimentarias\" \/>\n<meta property=\"article:modified_time\" content=\"2022-11-24T21:25:46+00:00\" \/>\n<meta name=\"twitter:card\" content=\"summary_large_image\" \/>\n<meta name=\"twitter:label1\" content=\"Tiempo de lectura\" \/>\n\t<meta name=\"twitter:data1\" content=\"1 minuto\" \/>\n<script type=\"application\/ld+json\" class=\"yoast-schema-graph\">{\"@context\":\"https:\\\/\\\/schema.org\",\"@graph\":[{\"@type\":\"WebPage\",\"@id\":\"https:\\\/\\\/catieca.webs.upv.es\\\/index.php\\\/contacto\\\/\",\"url\":\"https:\\\/\\\/catieca.webs.upv.es\\\/index.php\\\/contacto\\\/\",\"name\":\"Contacto - C\u00e1tedra de Integraci\u00f3n Empresarial de Cooperativas Agroalimentarias\",\"isPartOf\":{\"@id\":\"https:\\\/\\\/catieca.webs.upv.es\\\/#website\"},\"datePublished\":\"2022-11-17T09:52:28+00:00\",\"dateModified\":\"2022-11-24T21:25:46+00:00\",\"breadcrumb\":{\"@id\":\"https:\\\/\\\/catieca.webs.upv.es\\\/index.php\\\/contacto\\\/#breadcrumb\"},\"inLanguage\":\"es\",\"potentialAction\":[{\"@type\":\"ReadAction\",\"target\":[\"https:\\\/\\\/catieca.webs.upv.es\\\/index.php\\\/contacto\\\/\"]}]},{\"@type\":\"BreadcrumbList\",\"@id\":\"https:\\\/\\\/catieca.webs.upv.es\\\/index.php\\\/contacto\\\/#breadcrumb\",\"itemListElement\":[{\"@type\":\"ListItem\",\"position\":1,\"name\":\"Home\",\"item\":\"https:\\\/\\\/catieca.webs.upv.es\\\/\"},{\"@type\":\"ListItem\",\"position\":2,\"name\":\"Contacto\"}]},{\"@type\":\"WebSite\",\"@id\":\"https:\\\/\\\/catieca.webs.upv.es\\\/#website\",\"url\":\"https:\\\/\\\/catieca.webs.upv.es\\\/\",\"name\":\"C\u00e1tedra de Integraci\u00f3n Empresarial de Cooperativas Agroalimentarias\",\"description\":\"cooperativas, integraci\u00f3n, sostenibilidad\",\"publisher\":{\"@id\":\"https:\\\/\\\/catieca.webs.upv.es\\\/#organization\"},\"potentialAction\":[{\"@type\":\"SearchAction\",\"target\":{\"@type\":\"EntryPoint\",\"urlTemplate\":\"https:\\\/\\\/catieca.webs.upv.es\\\/?s={search_term_string}\"},\"query-input\":{\"@type\":\"PropertyValueSpecification\",\"valueRequired\":true,\"valueName\":\"search_term_string\"}}],\"inLanguage\":\"es\"},{\"@type\":\"Organization\",\"@id\":\"https:\\\/\\\/catieca.webs.upv.es\\\/#organization\",\"name\":\"C\u00e1tedra de Integraci\u00f3n Empresarial de Cooperativas Agroalimentarias\",\"url\":\"https:\\\/\\\/catieca.webs.upv.es\\\/\",\"logo\":{\"@type\":\"ImageObject\",\"inLanguage\":\"es\",\"@id\":\"https:\\\/\\\/catieca.webs.upv.es\\\/#\\\/schema\\\/logo\\\/image\\\/\",\"url\":\"https:\\\/\\\/catieca.webs.upv.es\\\/wp-content\\\/uploads\\\/2022\\\/11\\\/cropped-favicon.png\",\"contentUrl\":\"https:\\\/\\\/catieca.webs.upv.es\\\/wp-content\\\/uploads\\\/2022\\\/11\\\/cropped-favicon.png\",\"width\":512,\"height\":512,\"caption\":\"C\u00e1tedra de Integraci\u00f3n Empresarial de Cooperativas Agroalimentarias\"},\"image\":{\"@id\":\"https:\\\/\\\/catieca.webs.upv.es\\\/#\\\/schema\\\/logo\\\/image\\\/\"}}]}<\/script>\n<!-- \/ Yoast SEO plugin. -->","yoast_head_json":{"title":"Contacto - C\u00e1tedra de Integraci\u00f3n Empresarial de Cooperativas Agroalimentarias","robots":{"index":"index","follow":"follow","max-snippet":"max-snippet:-1","max-image-preview":"max-image-preview:large","max-video-preview":"max-video-preview:-1"},"canonical":"https:\/\/catieca.webs.upv.es\/index.php\/contacto\/","og_locale":"es_ES","og_type":"article","og_title":"Contacto - C\u00e1tedra de Integraci\u00f3n Empresarial de Cooperativas Agroalimentarias","og_description":"Contacto","og_url":"https:\/\/catieca.webs.upv.es\/index.php\/contacto\/","og_site_name":"C\u00e1tedra de Integraci\u00f3n Empresarial de Cooperativas Agroalimentarias","article_modified_time":"2022-11-24T21:25:46+00:00","twitter_card":"summary_large_image","twitter_misc":{"Tiempo de lectura":"1 minuto"},"schema":{"@context":"https:\/\/schema.org","@graph":[{"@type":"WebPage","@id":"https:\/\/catieca.webs.upv.es\/index.php\/contacto\/","url":"https:\/\/catieca.webs.upv.es\/index.php\/contacto\/","name":"Contacto - C\u00e1tedra de Integraci\u00f3n Empresarial de Cooperativas Agroalimentarias","isPartOf":{"@id":"https:\/\/catieca.webs.upv.es\/#website"},"datePublished":"2022-11-17T09:52:28+00:00","dateModified":"2022-11-24T21:25:46+00:00","breadcrumb":{"@id":"https:\/\/catieca.webs.upv.es\/index.php\/contacto\/#breadcrumb"},"inLanguage":"es","potentialAction":[{"@type":"ReadAction","target":["https:\/\/catieca.webs.upv.es\/index.php\/contacto\/"]}]},{"@type":"BreadcrumbList","@id":"https:\/\/catieca.webs.upv.es\/index.php\/contacto\/#breadcrumb","itemListElement":[{"@type":"ListItem","position":1,"name":"Home","item":"https:\/\/catieca.webs.upv.es\/"},{"@type":"ListItem","position":2,"name":"Contacto"}]},{"@type":"WebSite","@id":"https:\/\/catieca.webs.upv.es\/#website","url":"https:\/\/catieca.webs.upv.es\/","name":"C\u00e1tedra de Integraci\u00f3n Empresarial de Cooperativas Agroalimentarias","description":"cooperativas, integraci\u00f3n, sostenibilidad","publisher":{"@id":"https:\/\/catieca.webs.upv.es\/#organization"},"potentialAction":[{"@type":"SearchAction","target":{"@type":"EntryPoint","urlTemplate":"https:\/\/catieca.webs.upv.es\/?s={search_term_string}"},"query-input":{"@type":"PropertyValueSpecification","valueRequired":true,"valueName":"search_term_string"}}],"inLanguage":"es"},{"@type":"Organization","@id":"https:\/\/catieca.webs.upv.es\/#organization","name":"C\u00e1tedra de Integraci\u00f3n Empresarial de Cooperativas Agroalimentarias","url":"https:\/\/catieca.webs.upv.es\/","logo":{"@type":"ImageObject","inLanguage":"es","@id":"https:\/\/catieca.webs.upv.es\/#\/schema\/logo\/image\/","url":"https:\/\/catieca.webs.upv.es\/wp-content\/uploads\/2022\/11\/cropped-favicon.png","contentUrl":"https:\/\/catieca.webs.upv.es\/wp-content\/uploads\/2022\/11\/cropped-favicon.png","width":512,"height":512,"caption":"C\u00e1tedra de Integraci\u00f3n Empresarial de Cooperativas Agroalimentarias"},"image":{"@id":"https:\/\/catieca.webs.upv.es\/#\/schema\/logo\/image\/"}}]}},"_links":{"self":[{"href":"https:\/\/catieca.webs.upv.es\/index.php\/wp-json\/wp\/v2\/pages\/173","targetHints":{"allow":["GET"]}}],"collection":[{"href":"https:\/\/catieca.webs.upv.es\/index.php\/wp-json\/wp\/v2\/pages"}],"about":[{"href":"https:\/\/catieca.webs.upv.es\/index.php\/wp-json\/wp\/v2\/types\/page"}],"author":[{"embeddable":true,"href":"https:\/\/catieca.webs.upv.es\/index.php\/wp-json\/wp\/v2\/users\/1"}],"replies":[{"embeddable":true,"href":"https:\/\/catieca.webs.upv.es\/index.php\/wp-json\/wp\/v2\/comments?post=173"}],"version-history":[{"count":20,"href":"https:\/\/catieca.webs.upv.es\/index.php\/wp-json\/wp\/v2\/pages\/173\/revisions"}],"predecessor-version":[{"id":1024,"href":"https:\/\/catieca.webs.upv.es\/index.php\/wp-json\/wp\/v2\/pages\/173\/revisions\/1024"}],"wp:attachment":[{"href":"https:\/\/catieca.webs.upv.es\/index.php\/wp-json\/wp\/v2\/media?parent=173"}],"wp:term":[{"taxonomy":"folder","embeddable":true,"href":"https:\/\/catieca.webs.upv.es\/index.php\/wp-json\/wp\/v2\/folder?post=173"}],"curies":[{"name":"wp","href":"https:\/\/api.w.org\/{rel}","templated":true}]}}