{"id":1253,"date":"2023-12-13T14:56:48","date_gmt":"2023-12-13T14:56:48","guid":{"rendered":"https:\/\/catieca.webs.upv.es\/?page_id=1253"},"modified":"2024-02-26T15:57:50","modified_gmt":"2024-02-26T15:57:50","slug":"uniendo-fuerzas-el-nacimiento-de-ribercamp","status":"publish","type":"page","link":"https:\/\/catieca.webs.upv.es\/index.php\/uniendo-fuerzas-el-nacimiento-de-ribercamp\/","title":{"rendered":"\u00abUniendo Fuerzas: El Nacimiento de Ribercamp\u00bb"},"content":{"rendered":"\t\t<div data-elementor-type=\"wp-page\" data-elementor-id=\"1253\" class=\"elementor elementor-1253\">\n\t\t\t\t\t\t<section class=\"elementor-section elementor-top-section elementor-element elementor-element-d7d8729 elementor-section-boxed elementor-section-height-default elementor-section-height-default\" data-id=\"d7d8729\" data-element_type=\"section\" data-e-type=\"section\">\n\t\t\t\t\t\t<div class=\"elementor-container elementor-column-gap-default\">\n\t\t\t\t\t<div class=\"elementor-column elementor-col-100 elementor-top-column elementor-element elementor-element-a398a6a\" data-id=\"a398a6a\" data-element_type=\"column\" data-e-type=\"column\">\n\t\t\t<div class=\"elementor-widget-wrap elementor-element-populated\">\n\t\t\t\t\t\t<div class=\"elementor-element elementor-element-4d240af elementor-widget elementor-widget-heading\" data-id=\"4d240af\" data-element_type=\"widget\" data-e-type=\"widget\" data-widget_type=\"heading.default\">\n\t\t\t\t<div class=\"elementor-widget-container\">\n\t\t\t\t\t<h2 class=\"elementor-heading-title elementor-size-default\">\"Ribercamp: Coop. de 2\u00ba Grado de nueva generaci\u00f3n\"<span style=\"color: var( --e-global-color-primary );font-family: var( --e-global-typography-primary-font-family ), Sans-serif;font-size: var( --e-global-typography-primary-font-size );font-weight: var( --e-global-typography-primary-font-weight );letter-spacing: var(--heading--letter-spacing-h2)\"><\/span><br><\/h2>\t\t\t\t<\/div>\n\t\t\t\t<\/div>\n\t\t\t\t\t<\/div>\n\t\t<\/div>\n\t\t\t\t\t<\/div>\n\t\t<\/section>\n\t\t\t\t<section class=\"elementor-section elementor-top-section elementor-element elementor-element-31e8c40 elementor-section-boxed elementor-section-height-default elementor-section-height-default\" data-id=\"31e8c40\" data-element_type=\"section\" data-e-type=\"section\">\n\t\t\t\t\t\t<div class=\"elementor-container elementor-column-gap-default\">\n\t\t\t\t\t<div class=\"elementor-column elementor-col-100 elementor-top-column elementor-element elementor-element-a2bd41b\" data-id=\"a2bd41b\" data-element_type=\"column\" data-e-type=\"column\">\n\t\t\t<div class=\"elementor-widget-wrap elementor-element-populated\">\n\t\t\t\t\t\t<div class=\"elementor-element elementor-element-3578aac elementor-widget elementor-widget-html\" data-id=\"3578aac\" data-element_type=\"widget\" data-e-type=\"widget\" data-widget_type=\"html.default\">\n\t\t\t\t<div class=\"elementor-widget-container\">\n\t\t\t\t\t<iframe allowfullscreen src=\"https:\/\/media.upv.es\/player\/embed.html?id=5884ddb0-d4ac-11ee-9d9f-b9e88739b507\" style=\"border:0px #FFFFFF none;\" name=\"Paella Player\" scrolling=\"no\" frameborder=\"0\" marginheight=\"0px\" marginwidth=\"0px\" width=\"853\" height=\"480\"> <\/iframe>\t\t\t\t<\/div>\n\t\t\t\t<\/div>\n\t\t\t\t\t<\/div>\n\t\t<\/div>\n\t\t\t\t\t<\/div>\n\t\t<\/section>\n\t\t\t\t<section class=\"elementor-section elementor-top-section elementor-element elementor-element-d2270c3 elementor-section-boxed elementor-section-height-default elementor-section-height-default\" data-id=\"d2270c3\" data-element_type=\"section\" data-e-type=\"section\">\n\t\t\t\t\t\t<div class=\"elementor-container elementor-column-gap-default\">\n\t\t\t\t\t<div class=\"elementor-column elementor-col-100 elementor-top-column elementor-element elementor-element-914b461\" data-id=\"914b461\" data-element_type=\"column\" data-e-type=\"column\">\n\t\t\t<div class=\"elementor-widget-wrap elementor-element-populated\">\n\t\t\t\t\t\t<div class=\"elementor-element elementor-element-6535892 elementor-widget elementor-widget-text-editor\" data-id=\"6535892\" data-element_type=\"widget\" data-e-type=\"widget\" data-widget_type=\"text-editor.default\">\n\t\t\t\t<div class=\"elementor-widget-container\">\n\t\t\t\t\t\t\t\t\t<p>Ribercamp es una cooperativa de segundo grado, nacida de la uni\u00f3n de las cooperativas \u00abSan Bernat\u00bb de Carlet y \u00abGuadacoop\u00bb de Guadassuar.&nbsp;<span style=\"color: var( --e-global-color-text ); font-size: 1.1rem;\">Esta fusi\u00f3n, celebrada con el respaldo de la mayor\u00eda de los socios de ambas cooperativas, dio lugar a una entidad innovadora con un volumen total de producci\u00f3n de alrededor de 85.000 toneladas, principalmente de c\u00edtricos, kaki y fruta de hueso.&nbsp;<\/span><\/p><p><span style=\"color: var( --e-global-color-text ); font-size: 1.1rem;\"><br><\/span><\/p><p><span style=\"color: var( --e-global-color-text ); font-size: 1.1rem;\">Integradas como socias en Anecoop, Ribercamp ha logrado optimizar sus centros de manipulado y confecci\u00f3n para mejorar los procesos y la gesti\u00f3n, proyectando un crecimiento sostenido en los pr\u00f3ximos a\u00f1os. Esta cooperativa representa un hito en el sector agrario de la Comunitat Valenciana, destacando por su compromiso con la calidad y la sostenibilidad, buscando satisfacer las expectativas del mercado y de sus clientes.<\/span><\/p>\t\t\t\t\t\t\t\t<\/div>\n\t\t\t\t<\/div>\n\t\t\t\t\t<\/div>\n\t\t<\/div>\n\t\t\t\t\t<\/div>\n\t\t<\/section>\n\t\t\t\t<\/div>\n\t\t","protected":false},"excerpt":{"rendered":"<p>\u00abRibercamp: Coop. de 2\u00ba Grado de nueva generaci\u00f3n\u00bb Ribercamp es una cooperativa de segundo grado, nacida de la uni\u00f3n de las cooperativas \u00abSan Bernat\u00bb de Carlet y \u00abGuadacoop\u00bb de Guadassuar.&nbsp;Esta fusi\u00f3n, celebrada con el respaldo de la mayor\u00eda de los socios de ambas cooperativas, dio lugar a una entidad innovadora con un volumen total de&hellip; <a class=\"more-link\" href=\"https:\/\/catieca.webs.upv.es\/index.php\/uniendo-fuerzas-el-nacimiento-de-ribercamp\/\">Seguir leyendo <span class=\"screen-reader-text\">\u00abUniendo Fuerzas: El Nacimiento de Ribercamp\u00bb<\/span><\/a><\/p>\n","protected":false},"author":1,"featured_media":0,"parent":0,"menu_order":0,"comment_status":"closed","ping_status":"closed","template":"","meta":{"footnotes":""},"folder":[],"class_list":["post-1253","page","type-page","status-publish","hentry","entry"],"yoast_head":"<!-- This site is optimized with the Yoast SEO plugin v27.6 - https:\/\/yoast.com\/product\/yoast-seo-wordpress\/ -->\n<title>\u00abUniendo Fuerzas: El Nacimiento de Ribercamp\u00bb - C\u00e1tedra de Integraci\u00f3n Empresarial de Cooperativas Agroalimentarias<\/title>\n<meta name=\"description\" content=\"&quot;Ribercamp se destaca como una cooperativa valenciana de segundo grado, originada de la uni\u00f3n estrat\u00e9gica de las cooperativas &#039;San Bernat&#039; de Carlet y &#039;Guadacoop&#039; de Guadassuar. Esta entidad agraria lidera en la producci\u00f3n de c\u00edtricos, kaki y fruta de hueso, con una producci\u00f3n anual que asciende a 85.000 toneladas. Su compromiso con la calidad y la sostenibilidad, integrada en Anecoop, refleja un modelo de \u00e9xito y crecimiento en el sector agrario de la Comunitat Valenciana.&quot;\" \/>\n<meta name=\"robots\" content=\"index, follow, max-snippet:-1, max-image-preview:large, max-video-preview:-1\" \/>\n<link rel=\"canonical\" href=\"https:\/\/catieca.webs.upv.es\/index.php\/uniendo-fuerzas-el-nacimiento-de-ribercamp\/\" \/>\n<meta property=\"og:locale\" content=\"es_ES\" \/>\n<meta property=\"og:type\" content=\"article\" \/>\n<meta property=\"og:title\" content=\"\u00abUniendo Fuerzas: El Nacimiento de Ribercamp\u00bb - C\u00e1tedra de Integraci\u00f3n Empresarial de Cooperativas Agroalimentarias\" \/>\n<meta property=\"og:description\" content=\"&quot;Ribercamp se destaca como una cooperativa valenciana de segundo grado, originada de la uni\u00f3n estrat\u00e9gica de las cooperativas &#039;San Bernat&#039; de Carlet y &#039;Guadacoop&#039; de Guadassuar. Esta entidad agraria lidera en la producci\u00f3n de c\u00edtricos, kaki y fruta de hueso, con una producci\u00f3n anual que asciende a 85.000 toneladas. Su compromiso con la calidad y la sostenibilidad, integrada en Anecoop, refleja un modelo de \u00e9xito y crecimiento en el sector agrario de la Comunitat Valenciana.&quot;\" \/>\n<meta property=\"og:url\" content=\"https:\/\/catieca.webs.upv.es\/index.php\/uniendo-fuerzas-el-nacimiento-de-ribercamp\/\" \/>\n<meta property=\"og:site_name\" content=\"C\u00e1tedra de Integraci\u00f3n Empresarial de Cooperativas Agroalimentarias\" \/>\n<meta property=\"article:modified_time\" content=\"2024-02-26T15:57:50+00:00\" \/>\n<meta name=\"twitter:card\" content=\"summary_large_image\" \/>\n<meta name=\"twitter:label1\" content=\"Tiempo de lectura\" \/>\n\t<meta name=\"twitter:data1\" content=\"1 minuto\" \/>\n<script type=\"application\/ld+json\" class=\"yoast-schema-graph\">{\"@context\":\"https:\\\/\\\/schema.org\",\"@graph\":[{\"@type\":\"WebPage\",\"@id\":\"https:\\\/\\\/catieca.webs.upv.es\\\/index.php\\\/uniendo-fuerzas-el-nacimiento-de-ribercamp\\\/\",\"url\":\"https:\\\/\\\/catieca.webs.upv.es\\\/index.php\\\/uniendo-fuerzas-el-nacimiento-de-ribercamp\\\/\",\"name\":\"\u00abUniendo Fuerzas: El Nacimiento de Ribercamp\u00bb - C\u00e1tedra de Integraci\u00f3n Empresarial de Cooperativas Agroalimentarias\",\"isPartOf\":{\"@id\":\"https:\\\/\\\/catieca.webs.upv.es\\\/#website\"},\"datePublished\":\"2023-12-13T14:56:48+00:00\",\"dateModified\":\"2024-02-26T15:57:50+00:00\",\"description\":\"\\\"Ribercamp se destaca como una cooperativa valenciana de segundo grado, originada de la uni\u00f3n estrat\u00e9gica de las cooperativas 'San Bernat' de Carlet y 'Guadacoop' de Guadassuar. Esta entidad agraria lidera en la producci\u00f3n de c\u00edtricos, kaki y fruta de hueso, con una producci\u00f3n anual que asciende a 85.000 toneladas. Su compromiso con la calidad y la sostenibilidad, integrada en Anecoop, refleja un modelo de \u00e9xito y crecimiento en el sector agrario de la Comunitat Valenciana.\\\"\",\"breadcrumb\":{\"@id\":\"https:\\\/\\\/catieca.webs.upv.es\\\/index.php\\\/uniendo-fuerzas-el-nacimiento-de-ribercamp\\\/#breadcrumb\"},\"inLanguage\":\"es\",\"potentialAction\":[{\"@type\":\"ReadAction\",\"target\":[\"https:\\\/\\\/catieca.webs.upv.es\\\/index.php\\\/uniendo-fuerzas-el-nacimiento-de-ribercamp\\\/\"]}]},{\"@type\":\"BreadcrumbList\",\"@id\":\"https:\\\/\\\/catieca.webs.upv.es\\\/index.php\\\/uniendo-fuerzas-el-nacimiento-de-ribercamp\\\/#breadcrumb\",\"itemListElement\":[{\"@type\":\"ListItem\",\"position\":1,\"name\":\"Home\",\"item\":\"https:\\\/\\\/catieca.webs.upv.es\\\/\"},{\"@type\":\"ListItem\",\"position\":2,\"name\":\"\u00abUniendo Fuerzas: El Nacimiento de Ribercamp\u00bb\"}]},{\"@type\":\"WebSite\",\"@id\":\"https:\\\/\\\/catieca.webs.upv.es\\\/#website\",\"url\":\"https:\\\/\\\/catieca.webs.upv.es\\\/\",\"name\":\"C\u00e1tedra de Integraci\u00f3n Empresarial de Cooperativas Agroalimentarias\",\"description\":\"cooperativas, integraci\u00f3n, sostenibilidad\",\"publisher\":{\"@id\":\"https:\\\/\\\/catieca.webs.upv.es\\\/#organization\"},\"potentialAction\":[{\"@type\":\"SearchAction\",\"target\":{\"@type\":\"EntryPoint\",\"urlTemplate\":\"https:\\\/\\\/catieca.webs.upv.es\\\/?s={search_term_string}\"},\"query-input\":{\"@type\":\"PropertyValueSpecification\",\"valueRequired\":true,\"valueName\":\"search_term_string\"}}],\"inLanguage\":\"es\"},{\"@type\":\"Organization\",\"@id\":\"https:\\\/\\\/catieca.webs.upv.es\\\/#organization\",\"name\":\"C\u00e1tedra de Integraci\u00f3n Empresarial de Cooperativas Agroalimentarias\",\"url\":\"https:\\\/\\\/catieca.webs.upv.es\\\/\",\"logo\":{\"@type\":\"ImageObject\",\"inLanguage\":\"es\",\"@id\":\"https:\\\/\\\/catieca.webs.upv.es\\\/#\\\/schema\\\/logo\\\/image\\\/\",\"url\":\"https:\\\/\\\/catieca.webs.upv.es\\\/wp-content\\\/uploads\\\/2022\\\/11\\\/cropped-favicon.png\",\"contentUrl\":\"https:\\\/\\\/catieca.webs.upv.es\\\/wp-content\\\/uploads\\\/2022\\\/11\\\/cropped-favicon.png\",\"width\":512,\"height\":512,\"caption\":\"C\u00e1tedra de Integraci\u00f3n Empresarial de Cooperativas Agroalimentarias\"},\"image\":{\"@id\":\"https:\\\/\\\/catieca.webs.upv.es\\\/#\\\/schema\\\/logo\\\/image\\\/\"}}]}<\/script>\n<!-- \/ Yoast SEO plugin. -->","yoast_head_json":{"title":"\u00abUniendo Fuerzas: El Nacimiento de Ribercamp\u00bb - C\u00e1tedra de Integraci\u00f3n Empresarial de Cooperativas Agroalimentarias","description":"\"Ribercamp se destaca como una cooperativa valenciana de segundo grado, originada de la uni\u00f3n estrat\u00e9gica de las cooperativas 'San Bernat' de Carlet y 'Guadacoop' de Guadassuar. Esta entidad agraria lidera en la producci\u00f3n de c\u00edtricos, kaki y fruta de hueso, con una producci\u00f3n anual que asciende a 85.000 toneladas. Su compromiso con la calidad y la sostenibilidad, integrada en Anecoop, refleja un modelo de \u00e9xito y crecimiento en el sector agrario de la Comunitat Valenciana.\"","robots":{"index":"index","follow":"follow","max-snippet":"max-snippet:-1","max-image-preview":"max-image-preview:large","max-video-preview":"max-video-preview:-1"},"canonical":"https:\/\/catieca.webs.upv.es\/index.php\/uniendo-fuerzas-el-nacimiento-de-ribercamp\/","og_locale":"es_ES","og_type":"article","og_title":"\u00abUniendo Fuerzas: El Nacimiento de Ribercamp\u00bb - C\u00e1tedra de Integraci\u00f3n Empresarial de Cooperativas Agroalimentarias","og_description":"\"Ribercamp se destaca como una cooperativa valenciana de segundo grado, originada de la uni\u00f3n estrat\u00e9gica de las cooperativas 'San Bernat' de Carlet y 'Guadacoop' de Guadassuar. Esta entidad agraria lidera en la producci\u00f3n de c\u00edtricos, kaki y fruta de hueso, con una producci\u00f3n anual que asciende a 85.000 toneladas. Su compromiso con la calidad y la sostenibilidad, integrada en Anecoop, refleja un modelo de \u00e9xito y crecimiento en el sector agrario de la Comunitat Valenciana.\"","og_url":"https:\/\/catieca.webs.upv.es\/index.php\/uniendo-fuerzas-el-nacimiento-de-ribercamp\/","og_site_name":"C\u00e1tedra de Integraci\u00f3n Empresarial de Cooperativas Agroalimentarias","article_modified_time":"2024-02-26T15:57:50+00:00","twitter_card":"summary_large_image","twitter_misc":{"Tiempo de lectura":"1 minuto"},"schema":{"@context":"https:\/\/schema.org","@graph":[{"@type":"WebPage","@id":"https:\/\/catieca.webs.upv.es\/index.php\/uniendo-fuerzas-el-nacimiento-de-ribercamp\/","url":"https:\/\/catieca.webs.upv.es\/index.php\/uniendo-fuerzas-el-nacimiento-de-ribercamp\/","name":"\u00abUniendo Fuerzas: El Nacimiento de Ribercamp\u00bb - C\u00e1tedra de Integraci\u00f3n Empresarial de Cooperativas Agroalimentarias","isPartOf":{"@id":"https:\/\/catieca.webs.upv.es\/#website"},"datePublished":"2023-12-13T14:56:48+00:00","dateModified":"2024-02-26T15:57:50+00:00","description":"\"Ribercamp se destaca como una cooperativa valenciana de segundo grado, originada de la uni\u00f3n estrat\u00e9gica de las cooperativas 'San Bernat' de Carlet y 'Guadacoop' de Guadassuar. Esta entidad agraria lidera en la producci\u00f3n de c\u00edtricos, kaki y fruta de hueso, con una producci\u00f3n anual que asciende a 85.000 toneladas. Su compromiso con la calidad y la sostenibilidad, integrada en Anecoop, refleja un modelo de \u00e9xito y crecimiento en el sector agrario de la Comunitat Valenciana.\"","breadcrumb":{"@id":"https:\/\/catieca.webs.upv.es\/index.php\/uniendo-fuerzas-el-nacimiento-de-ribercamp\/#breadcrumb"},"inLanguage":"es","potentialAction":[{"@type":"ReadAction","target":["https:\/\/catieca.webs.upv.es\/index.php\/uniendo-fuerzas-el-nacimiento-de-ribercamp\/"]}]},{"@type":"BreadcrumbList","@id":"https:\/\/catieca.webs.upv.es\/index.php\/uniendo-fuerzas-el-nacimiento-de-ribercamp\/#breadcrumb","itemListElement":[{"@type":"ListItem","position":1,"name":"Home","item":"https:\/\/catieca.webs.upv.es\/"},{"@type":"ListItem","position":2,"name":"\u00abUniendo Fuerzas: El Nacimiento de Ribercamp\u00bb"}]},{"@type":"WebSite","@id":"https:\/\/catieca.webs.upv.es\/#website","url":"https:\/\/catieca.webs.upv.es\/","name":"C\u00e1tedra de Integraci\u00f3n Empresarial de Cooperativas Agroalimentarias","description":"cooperativas, integraci\u00f3n, sostenibilidad","publisher":{"@id":"https:\/\/catieca.webs.upv.es\/#organization"},"potentialAction":[{"@type":"SearchAction","target":{"@type":"EntryPoint","urlTemplate":"https:\/\/catieca.webs.upv.es\/?s={search_term_string}"},"query-input":{"@type":"PropertyValueSpecification","valueRequired":true,"valueName":"search_term_string"}}],"inLanguage":"es"},{"@type":"Organization","@id":"https:\/\/catieca.webs.upv.es\/#organization","name":"C\u00e1tedra de Integraci\u00f3n Empresarial de Cooperativas Agroalimentarias","url":"https:\/\/catieca.webs.upv.es\/","logo":{"@type":"ImageObject","inLanguage":"es","@id":"https:\/\/catieca.webs.upv.es\/#\/schema\/logo\/image\/","url":"https:\/\/catieca.webs.upv.es\/wp-content\/uploads\/2022\/11\/cropped-favicon.png","contentUrl":"https:\/\/catieca.webs.upv.es\/wp-content\/uploads\/2022\/11\/cropped-favicon.png","width":512,"height":512,"caption":"C\u00e1tedra de Integraci\u00f3n Empresarial de Cooperativas Agroalimentarias"},"image":{"@id":"https:\/\/catieca.webs.upv.es\/#\/schema\/logo\/image\/"}}]}},"_links":{"self":[{"href":"https:\/\/catieca.webs.upv.es\/index.php\/wp-json\/wp\/v2\/pages\/1253","targetHints":{"allow":["GET"]}}],"collection":[{"href":"https:\/\/catieca.webs.upv.es\/index.php\/wp-json\/wp\/v2\/pages"}],"about":[{"href":"https:\/\/catieca.webs.upv.es\/index.php\/wp-json\/wp\/v2\/types\/page"}],"author":[{"embeddable":true,"href":"https:\/\/catieca.webs.upv.es\/index.php\/wp-json\/wp\/v2\/users\/1"}],"replies":[{"embeddable":true,"href":"https:\/\/catieca.webs.upv.es\/index.php\/wp-json\/wp\/v2\/comments?post=1253"}],"version-history":[{"count":13,"href":"https:\/\/catieca.webs.upv.es\/index.php\/wp-json\/wp\/v2\/pages\/1253\/revisions"}],"predecessor-version":[{"id":1410,"href":"https:\/\/catieca.webs.upv.es\/index.php\/wp-json\/wp\/v2\/pages\/1253\/revisions\/1410"}],"wp:attachment":[{"href":"https:\/\/catieca.webs.upv.es\/index.php\/wp-json\/wp\/v2\/media?parent=1253"}],"wp:term":[{"taxonomy":"folder","embeddable":true,"href":"https:\/\/catieca.webs.upv.es\/index.php\/wp-json\/wp\/v2\/folder?post=1253"}],"curies":[{"name":"wp","href":"https:\/\/api.w.org\/{rel}","templated":true}]}}