{"id":1251,"date":"2023-12-13T13:19:44","date_gmt":"2023-12-13T13:19:44","guid":{"rendered":"https:\/\/catieca.webs.upv.es\/?page_id=1251"},"modified":"2024-02-26T15:54:27","modified_gmt":"2024-02-26T15:54:27","slug":"uniendo-fuerzas-el-nacimiento-de-alimer","status":"publish","type":"page","link":"https:\/\/catieca.webs.upv.es\/index.php\/uniendo-fuerzas-el-nacimiento-de-alimer\/","title":{"rendered":"\u00abUniendo Fuerzas: El Nacimiento de Alimer\u00bb"},"content":{"rendered":"\t\t<div data-elementor-type=\"wp-page\" data-elementor-id=\"1251\" class=\"elementor elementor-1251\">\n\t\t\t\t\t\t<section class=\"elementor-section elementor-top-section elementor-element elementor-element-e30fec2 elementor-section-boxed elementor-section-height-default elementor-section-height-default\" data-id=\"e30fec2\" data-element_type=\"section\" data-e-type=\"section\">\n\t\t\t\t\t\t<div class=\"elementor-container elementor-column-gap-default\">\n\t\t\t\t\t<div class=\"elementor-column elementor-col-100 elementor-top-column elementor-element elementor-element-a7c0031\" data-id=\"a7c0031\" data-element_type=\"column\" data-e-type=\"column\">\n\t\t\t<div class=\"elementor-widget-wrap elementor-element-populated\">\n\t\t\t\t\t\t<div class=\"elementor-element elementor-element-209b912 elementor-widget elementor-widget-heading\" data-id=\"209b912\" data-element_type=\"widget\" data-e-type=\"widget\" data-widget_type=\"heading.default\">\n\t\t\t\t<div class=\"elementor-widget-container\">\n\t\t\t\t\t<h2 class=\"elementor-heading-title elementor-size-default\">\"Alimer: una fusi\u00f3n de 8 cooperativas\"<\/h2>\t\t\t\t<\/div>\n\t\t\t\t<\/div>\n\t\t\t\t\t<\/div>\n\t\t<\/div>\n\t\t\t\t\t<\/div>\n\t\t<\/section>\n\t\t\t\t<section class=\"elementor-section elementor-top-section elementor-element elementor-element-43f8fd0 elementor-section-boxed elementor-section-height-default elementor-section-height-default\" data-id=\"43f8fd0\" data-element_type=\"section\" data-e-type=\"section\">\n\t\t\t\t\t\t<div class=\"elementor-container elementor-column-gap-default\">\n\t\t\t\t\t<div class=\"elementor-column elementor-col-100 elementor-top-column elementor-element elementor-element-f7c9cba\" data-id=\"f7c9cba\" data-element_type=\"column\" data-e-type=\"column\">\n\t\t\t<div class=\"elementor-widget-wrap elementor-element-populated\">\n\t\t\t\t\t\t<div class=\"elementor-element elementor-element-d66efe3 elementor-widget elementor-widget-html\" data-id=\"d66efe3\" data-element_type=\"widget\" data-e-type=\"widget\" data-widget_type=\"html.default\">\n\t\t\t\t<div class=\"elementor-widget-container\">\n\t\t\t\t\t<iframe allowfullscreen src=\"https:\/\/media.upv.es\/player\/embed.html?id=11438ab0-d280-11ee-b28b-4f81599fc7cd\" style=\"border:0px #FFFFFF none;\" name=\"Paella Player\" scrolling=\"no\" frameborder=\"0\" marginheight=\"0px\" marginwidth=\"0px\" width=\"853\" height=\"480\"> <\/iframe>\t\t\t\t<\/div>\n\t\t\t\t<\/div>\n\t\t\t\t\t<\/div>\n\t\t<\/div>\n\t\t\t\t\t<\/div>\n\t\t<\/section>\n\t\t\t\t<section class=\"elementor-section elementor-top-section elementor-element elementor-element-ffaa18a elementor-section-boxed elementor-section-height-default elementor-section-height-default\" data-id=\"ffaa18a\" data-element_type=\"section\" data-e-type=\"section\">\n\t\t\t\t\t\t<div class=\"elementor-container elementor-column-gap-default\">\n\t\t\t\t\t<div class=\"elementor-column elementor-col-100 elementor-top-column elementor-element elementor-element-ee71cbf\" data-id=\"ee71cbf\" data-element_type=\"column\" data-e-type=\"column\">\n\t\t\t<div class=\"elementor-widget-wrap elementor-element-populated\">\n\t\t\t\t\t\t<div class=\"elementor-element elementor-element-a357be1 elementor-widget elementor-widget-text-editor\" data-id=\"a357be1\" data-element_type=\"widget\" data-e-type=\"widget\" data-widget_type=\"text-editor.default\">\n\t\t\t\t<div class=\"elementor-widget-container\">\n\t\t\t\t\t\t\t\t\t<p>La Cooperativa Alimentos del Mediterr\u00e1neo (ALIMER) se form\u00f3 a partir de la fusi\u00f3n de ocho cooperativas agrarias en la Regi\u00f3n de Murcia, Espa\u00f1a. Estas cooperativas incluyen Agrosol, Agromur, Camposur, Ciezana de Frutas, Cofrucieza, Ganaderos de Murcia (Gamur), Suagrilorca y la Uni\u00f3n Agropecuaria del Guadalent\u00edn (UAG). Esta fusi\u00f3n dio lugar a una entidad con 1.540 socios y una facturaci\u00f3n inicial de 127 millones de euros.&nbsp;<\/p><p><br><\/p>\n<p>ALIMER gestiona siete centros de trabajo en diferentes localidades y se dedica a la producci\u00f3n hortofrut\u00edcola, c\u00e1rnica, l\u00e1cteos, floricultura, fabricaci\u00f3n de piensos y suministros agropecuarios. Los objetivos de esta fusi\u00f3n incluyen la expansi\u00f3n y consolidaci\u00f3n en el mercado, complementariedad, reestructuraci\u00f3n de actividades, diversificaci\u00f3n, incorporaci\u00f3n de I+D, acceso a econom\u00edas de escala, sinergias financieras y aumento de ingresos para sus socios.<\/p><p><br><\/p>\n<p><\/p>\n<p>ALIMER es la cooperativa m\u00e1s grande de la Regi\u00f3n de Murcia y se ha convertido en un referente en la distribuci\u00f3n y log\u00edstica de productos agrarios. Se destaca por su infraestructura moderna, compromiso con la calidad y seguridad alimentaria, y una actitud proactiva y orientada al mercado. La cooperativa ha establecido una eficiente cadena de suministro que beneficia tanto a productores como a consumidores.<\/p><p><br><\/p>\n<p><\/p>\n<p>En los \u00faltimos a\u00f1os, ALIMER ha realizado inversiones significativas en I+D+i, introduciendo nuevas variedades de cultivos como almendros, cerezos y caquis, y explorando la inclusi\u00f3n de uva de mesa en su cat\u00e1logo de productos. La cooperativa tambi\u00e9n participa en otras empresas y est\u00e1 en proceso de expandirse y mejorar sus instalaciones. Entre sus proyectos futuros se incluyen la ampliaci\u00f3n y mejora de instalaciones de manipulado de fruta, f\u00e1bricas de quesos, almacenes de flores y f\u00e1bricas de piensos.<\/p>\t\t\t\t\t\t\t\t<\/div>\n\t\t\t\t<\/div>\n\t\t\t\t\t<\/div>\n\t\t<\/div>\n\t\t\t\t\t<\/div>\n\t\t<\/section>\n\t\t\t\t<\/div>\n\t\t","protected":false},"excerpt":{"rendered":"<p>\u00abAlimer: una fusi\u00f3n de 8 cooperativas\u00bb La Cooperativa Alimentos del Mediterr\u00e1neo (ALIMER) se form\u00f3 a partir de la fusi\u00f3n de ocho cooperativas agrarias en la Regi\u00f3n de Murcia, Espa\u00f1a. Estas cooperativas incluyen Agrosol, Agromur, Camposur, Ciezana de Frutas, Cofrucieza, Ganaderos de Murcia (Gamur), Suagrilorca y la Uni\u00f3n Agropecuaria del Guadalent\u00edn (UAG). Esta fusi\u00f3n dio lugar&hellip; <a class=\"more-link\" href=\"https:\/\/catieca.webs.upv.es\/index.php\/uniendo-fuerzas-el-nacimiento-de-alimer\/\">Seguir leyendo <span class=\"screen-reader-text\">\u00abUniendo Fuerzas: El Nacimiento de Alimer\u00bb<\/span><\/a><\/p>\n","protected":false},"author":1,"featured_media":0,"parent":0,"menu_order":0,"comment_status":"closed","ping_status":"closed","template":"","meta":{"footnotes":""},"folder":[],"class_list":["post-1251","page","type-page","status-publish","hentry","entry"],"yoast_head":"<!-- This site is optimized with the Yoast SEO plugin v27.6 - https:\/\/yoast.com\/product\/yoast-seo-wordpress\/ -->\n<title>&quot;Uniendo Fuerzas: El Nacimiento de Alimer&quot; - C\u00e1tedra de Integraci\u00f3n Empresarial de Cooperativas Agroalimentarias<\/title>\n<meta name=\"description\" content=\"ALIMER, una cooperativa de vanguardia en la Regi\u00f3n de Murcia, se ha consolidado como l\u00edder tras la fusi\u00f3n estrat\u00e9gica de ocho renombradas cooperativas agrarias. Con una impresionante facturaci\u00f3n de 278 millones de euros y un colectivo de m\u00e1s de 1750 socios, la cooperativa se destaca por su extensa oferta de productos agrarios, que incluye sectores hortofrut\u00edcola, c\u00e1rnico, l\u00e1cteo, entre otros. Su infraestructura avanzada y su compromiso con la calidad y seguridad alimentaria son pilares fundamentales de su \u00e9xito. ALIMER es reconocida por su enfoque innovador, invirtiendo constantemente en I+D+i para introducir nuevas variedades de cultivos y adaptarse a las demandas del mercado. Con proyectos futuros orientados a la expansi\u00f3n y mejora de sus instalaciones, ALIMER se posiciona no solo como un referente en la distribuci\u00f3n y log\u00edstica de productos agrarios, sino tambi\u00e9n como un modelo de crecimiento sostenible y responsable en el sector agroalimentario.\" \/>\n<meta name=\"robots\" content=\"index, follow, max-snippet:-1, max-image-preview:large, max-video-preview:-1\" \/>\n<link rel=\"canonical\" href=\"https:\/\/catieca.webs.upv.es\/index.php\/uniendo-fuerzas-el-nacimiento-de-alimer\/\" \/>\n<meta property=\"og:locale\" content=\"es_ES\" \/>\n<meta property=\"og:type\" content=\"article\" \/>\n<meta property=\"og:title\" content=\"&quot;Uniendo Fuerzas: El Nacimiento de Alimer&quot; - C\u00e1tedra de Integraci\u00f3n Empresarial de Cooperativas Agroalimentarias\" \/>\n<meta property=\"og:description\" content=\"ALIMER, una cooperativa de vanguardia en la Regi\u00f3n de Murcia, se ha consolidado como l\u00edder tras la fusi\u00f3n estrat\u00e9gica de ocho renombradas cooperativas agrarias. Con una impresionante facturaci\u00f3n de 278 millones de euros y un colectivo de m\u00e1s de 1750 socios, la cooperativa se destaca por su extensa oferta de productos agrarios, que incluye sectores hortofrut\u00edcola, c\u00e1rnico, l\u00e1cteo, entre otros. Su infraestructura avanzada y su compromiso con la calidad y seguridad alimentaria son pilares fundamentales de su \u00e9xito. ALIMER es reconocida por su enfoque innovador, invirtiendo constantemente en I+D+i para introducir nuevas variedades de cultivos y adaptarse a las demandas del mercado. Con proyectos futuros orientados a la expansi\u00f3n y mejora de sus instalaciones, ALIMER se posiciona no solo como un referente en la distribuci\u00f3n y log\u00edstica de productos agrarios, sino tambi\u00e9n como un modelo de crecimiento sostenible y responsable en el sector agroalimentario.\" \/>\n<meta property=\"og:url\" content=\"https:\/\/catieca.webs.upv.es\/index.php\/uniendo-fuerzas-el-nacimiento-de-alimer\/\" \/>\n<meta property=\"og:site_name\" content=\"C\u00e1tedra de Integraci\u00f3n Empresarial de Cooperativas Agroalimentarias\" \/>\n<meta property=\"article:modified_time\" content=\"2024-02-26T15:54:27+00:00\" \/>\n<meta name=\"twitter:card\" content=\"summary_large_image\" \/>\n<meta name=\"twitter:label1\" content=\"Tiempo de lectura\" \/>\n\t<meta name=\"twitter:data1\" content=\"2 minutos\" \/>\n<script type=\"application\/ld+json\" class=\"yoast-schema-graph\">{\"@context\":\"https:\\\/\\\/schema.org\",\"@graph\":[{\"@type\":\"WebPage\",\"@id\":\"https:\\\/\\\/catieca.webs.upv.es\\\/index.php\\\/uniendo-fuerzas-el-nacimiento-de-alimer\\\/\",\"url\":\"https:\\\/\\\/catieca.webs.upv.es\\\/index.php\\\/uniendo-fuerzas-el-nacimiento-de-alimer\\\/\",\"name\":\"\\\"Uniendo Fuerzas: El Nacimiento de Alimer\\\" - C\u00e1tedra de Integraci\u00f3n Empresarial de Cooperativas Agroalimentarias\",\"isPartOf\":{\"@id\":\"https:\\\/\\\/catieca.webs.upv.es\\\/#website\"},\"datePublished\":\"2023-12-13T13:19:44+00:00\",\"dateModified\":\"2024-02-26T15:54:27+00:00\",\"description\":\"ALIMER, una cooperativa de vanguardia en la Regi\u00f3n de Murcia, se ha consolidado como l\u00edder tras la fusi\u00f3n estrat\u00e9gica de ocho renombradas cooperativas agrarias. Con una impresionante facturaci\u00f3n de 278 millones de euros y un colectivo de m\u00e1s de 1750 socios, la cooperativa se destaca por su extensa oferta de productos agrarios, que incluye sectores hortofrut\u00edcola, c\u00e1rnico, l\u00e1cteo, entre otros. Su infraestructura avanzada y su compromiso con la calidad y seguridad alimentaria son pilares fundamentales de su \u00e9xito. ALIMER es reconocida por su enfoque innovador, invirtiendo constantemente en I+D+i para introducir nuevas variedades de cultivos y adaptarse a las demandas del mercado. Con proyectos futuros orientados a la expansi\u00f3n y mejora de sus instalaciones, ALIMER se posiciona no solo como un referente en la distribuci\u00f3n y log\u00edstica de productos agrarios, sino tambi\u00e9n como un modelo de crecimiento sostenible y responsable en el sector agroalimentario.\",\"breadcrumb\":{\"@id\":\"https:\\\/\\\/catieca.webs.upv.es\\\/index.php\\\/uniendo-fuerzas-el-nacimiento-de-alimer\\\/#breadcrumb\"},\"inLanguage\":\"es\",\"potentialAction\":[{\"@type\":\"ReadAction\",\"target\":[\"https:\\\/\\\/catieca.webs.upv.es\\\/index.php\\\/uniendo-fuerzas-el-nacimiento-de-alimer\\\/\"]}]},{\"@type\":\"BreadcrumbList\",\"@id\":\"https:\\\/\\\/catieca.webs.upv.es\\\/index.php\\\/uniendo-fuerzas-el-nacimiento-de-alimer\\\/#breadcrumb\",\"itemListElement\":[{\"@type\":\"ListItem\",\"position\":1,\"name\":\"Home\",\"item\":\"https:\\\/\\\/catieca.webs.upv.es\\\/\"},{\"@type\":\"ListItem\",\"position\":2,\"name\":\"\u00abUniendo Fuerzas: El Nacimiento de Alimer\u00bb\"}]},{\"@type\":\"WebSite\",\"@id\":\"https:\\\/\\\/catieca.webs.upv.es\\\/#website\",\"url\":\"https:\\\/\\\/catieca.webs.upv.es\\\/\",\"name\":\"C\u00e1tedra de Integraci\u00f3n Empresarial de Cooperativas Agroalimentarias\",\"description\":\"cooperativas, integraci\u00f3n, sostenibilidad\",\"publisher\":{\"@id\":\"https:\\\/\\\/catieca.webs.upv.es\\\/#organization\"},\"potentialAction\":[{\"@type\":\"SearchAction\",\"target\":{\"@type\":\"EntryPoint\",\"urlTemplate\":\"https:\\\/\\\/catieca.webs.upv.es\\\/?s={search_term_string}\"},\"query-input\":{\"@type\":\"PropertyValueSpecification\",\"valueRequired\":true,\"valueName\":\"search_term_string\"}}],\"inLanguage\":\"es\"},{\"@type\":\"Organization\",\"@id\":\"https:\\\/\\\/catieca.webs.upv.es\\\/#organization\",\"name\":\"C\u00e1tedra de Integraci\u00f3n Empresarial de Cooperativas Agroalimentarias\",\"url\":\"https:\\\/\\\/catieca.webs.upv.es\\\/\",\"logo\":{\"@type\":\"ImageObject\",\"inLanguage\":\"es\",\"@id\":\"https:\\\/\\\/catieca.webs.upv.es\\\/#\\\/schema\\\/logo\\\/image\\\/\",\"url\":\"https:\\\/\\\/catieca.webs.upv.es\\\/wp-content\\\/uploads\\\/2022\\\/11\\\/cropped-favicon.png\",\"contentUrl\":\"https:\\\/\\\/catieca.webs.upv.es\\\/wp-content\\\/uploads\\\/2022\\\/11\\\/cropped-favicon.png\",\"width\":512,\"height\":512,\"caption\":\"C\u00e1tedra de Integraci\u00f3n Empresarial de Cooperativas Agroalimentarias\"},\"image\":{\"@id\":\"https:\\\/\\\/catieca.webs.upv.es\\\/#\\\/schema\\\/logo\\\/image\\\/\"}}]}<\/script>\n<!-- \/ Yoast SEO plugin. -->","yoast_head_json":{"title":"\"Uniendo Fuerzas: El Nacimiento de Alimer\" - C\u00e1tedra de Integraci\u00f3n Empresarial de Cooperativas Agroalimentarias","description":"ALIMER, una cooperativa de vanguardia en la Regi\u00f3n de Murcia, se ha consolidado como l\u00edder tras la fusi\u00f3n estrat\u00e9gica de ocho renombradas cooperativas agrarias. Con una impresionante facturaci\u00f3n de 278 millones de euros y un colectivo de m\u00e1s de 1750 socios, la cooperativa se destaca por su extensa oferta de productos agrarios, que incluye sectores hortofrut\u00edcola, c\u00e1rnico, l\u00e1cteo, entre otros. Su infraestructura avanzada y su compromiso con la calidad y seguridad alimentaria son pilares fundamentales de su \u00e9xito. ALIMER es reconocida por su enfoque innovador, invirtiendo constantemente en I+D+i para introducir nuevas variedades de cultivos y adaptarse a las demandas del mercado. Con proyectos futuros orientados a la expansi\u00f3n y mejora de sus instalaciones, ALIMER se posiciona no solo como un referente en la distribuci\u00f3n y log\u00edstica de productos agrarios, sino tambi\u00e9n como un modelo de crecimiento sostenible y responsable en el sector agroalimentario.","robots":{"index":"index","follow":"follow","max-snippet":"max-snippet:-1","max-image-preview":"max-image-preview:large","max-video-preview":"max-video-preview:-1"},"canonical":"https:\/\/catieca.webs.upv.es\/index.php\/uniendo-fuerzas-el-nacimiento-de-alimer\/","og_locale":"es_ES","og_type":"article","og_title":"\"Uniendo Fuerzas: El Nacimiento de Alimer\" - C\u00e1tedra de Integraci\u00f3n Empresarial de Cooperativas Agroalimentarias","og_description":"ALIMER, una cooperativa de vanguardia en la Regi\u00f3n de Murcia, se ha consolidado como l\u00edder tras la fusi\u00f3n estrat\u00e9gica de ocho renombradas cooperativas agrarias. Con una impresionante facturaci\u00f3n de 278 millones de euros y un colectivo de m\u00e1s de 1750 socios, la cooperativa se destaca por su extensa oferta de productos agrarios, que incluye sectores hortofrut\u00edcola, c\u00e1rnico, l\u00e1cteo, entre otros. Su infraestructura avanzada y su compromiso con la calidad y seguridad alimentaria son pilares fundamentales de su \u00e9xito. ALIMER es reconocida por su enfoque innovador, invirtiendo constantemente en I+D+i para introducir nuevas variedades de cultivos y adaptarse a las demandas del mercado. Con proyectos futuros orientados a la expansi\u00f3n y mejora de sus instalaciones, ALIMER se posiciona no solo como un referente en la distribuci\u00f3n y log\u00edstica de productos agrarios, sino tambi\u00e9n como un modelo de crecimiento sostenible y responsable en el sector agroalimentario.","og_url":"https:\/\/catieca.webs.upv.es\/index.php\/uniendo-fuerzas-el-nacimiento-de-alimer\/","og_site_name":"C\u00e1tedra de Integraci\u00f3n Empresarial de Cooperativas Agroalimentarias","article_modified_time":"2024-02-26T15:54:27+00:00","twitter_card":"summary_large_image","twitter_misc":{"Tiempo de lectura":"2 minutos"},"schema":{"@context":"https:\/\/schema.org","@graph":[{"@type":"WebPage","@id":"https:\/\/catieca.webs.upv.es\/index.php\/uniendo-fuerzas-el-nacimiento-de-alimer\/","url":"https:\/\/catieca.webs.upv.es\/index.php\/uniendo-fuerzas-el-nacimiento-de-alimer\/","name":"\"Uniendo Fuerzas: El Nacimiento de Alimer\" - C\u00e1tedra de Integraci\u00f3n Empresarial de Cooperativas Agroalimentarias","isPartOf":{"@id":"https:\/\/catieca.webs.upv.es\/#website"},"datePublished":"2023-12-13T13:19:44+00:00","dateModified":"2024-02-26T15:54:27+00:00","description":"ALIMER, una cooperativa de vanguardia en la Regi\u00f3n de Murcia, se ha consolidado como l\u00edder tras la fusi\u00f3n estrat\u00e9gica de ocho renombradas cooperativas agrarias. Con una impresionante facturaci\u00f3n de 278 millones de euros y un colectivo de m\u00e1s de 1750 socios, la cooperativa se destaca por su extensa oferta de productos agrarios, que incluye sectores hortofrut\u00edcola, c\u00e1rnico, l\u00e1cteo, entre otros. Su infraestructura avanzada y su compromiso con la calidad y seguridad alimentaria son pilares fundamentales de su \u00e9xito. ALIMER es reconocida por su enfoque innovador, invirtiendo constantemente en I+D+i para introducir nuevas variedades de cultivos y adaptarse a las demandas del mercado. Con proyectos futuros orientados a la expansi\u00f3n y mejora de sus instalaciones, ALIMER se posiciona no solo como un referente en la distribuci\u00f3n y log\u00edstica de productos agrarios, sino tambi\u00e9n como un modelo de crecimiento sostenible y responsable en el sector agroalimentario.","breadcrumb":{"@id":"https:\/\/catieca.webs.upv.es\/index.php\/uniendo-fuerzas-el-nacimiento-de-alimer\/#breadcrumb"},"inLanguage":"es","potentialAction":[{"@type":"ReadAction","target":["https:\/\/catieca.webs.upv.es\/index.php\/uniendo-fuerzas-el-nacimiento-de-alimer\/"]}]},{"@type":"BreadcrumbList","@id":"https:\/\/catieca.webs.upv.es\/index.php\/uniendo-fuerzas-el-nacimiento-de-alimer\/#breadcrumb","itemListElement":[{"@type":"ListItem","position":1,"name":"Home","item":"https:\/\/catieca.webs.upv.es\/"},{"@type":"ListItem","position":2,"name":"\u00abUniendo Fuerzas: El Nacimiento de Alimer\u00bb"}]},{"@type":"WebSite","@id":"https:\/\/catieca.webs.upv.es\/#website","url":"https:\/\/catieca.webs.upv.es\/","name":"C\u00e1tedra de Integraci\u00f3n Empresarial de Cooperativas Agroalimentarias","description":"cooperativas, integraci\u00f3n, sostenibilidad","publisher":{"@id":"https:\/\/catieca.webs.upv.es\/#organization"},"potentialAction":[{"@type":"SearchAction","target":{"@type":"EntryPoint","urlTemplate":"https:\/\/catieca.webs.upv.es\/?s={search_term_string}"},"query-input":{"@type":"PropertyValueSpecification","valueRequired":true,"valueName":"search_term_string"}}],"inLanguage":"es"},{"@type":"Organization","@id":"https:\/\/catieca.webs.upv.es\/#organization","name":"C\u00e1tedra de Integraci\u00f3n Empresarial de Cooperativas Agroalimentarias","url":"https:\/\/catieca.webs.upv.es\/","logo":{"@type":"ImageObject","inLanguage":"es","@id":"https:\/\/catieca.webs.upv.es\/#\/schema\/logo\/image\/","url":"https:\/\/catieca.webs.upv.es\/wp-content\/uploads\/2022\/11\/cropped-favicon.png","contentUrl":"https:\/\/catieca.webs.upv.es\/wp-content\/uploads\/2022\/11\/cropped-favicon.png","width":512,"height":512,"caption":"C\u00e1tedra de Integraci\u00f3n Empresarial de Cooperativas Agroalimentarias"},"image":{"@id":"https:\/\/catieca.webs.upv.es\/#\/schema\/logo\/image\/"}}]}},"_links":{"self":[{"href":"https:\/\/catieca.webs.upv.es\/index.php\/wp-json\/wp\/v2\/pages\/1251","targetHints":{"allow":["GET"]}}],"collection":[{"href":"https:\/\/catieca.webs.upv.es\/index.php\/wp-json\/wp\/v2\/pages"}],"about":[{"href":"https:\/\/catieca.webs.upv.es\/index.php\/wp-json\/wp\/v2\/types\/page"}],"author":[{"embeddable":true,"href":"https:\/\/catieca.webs.upv.es\/index.php\/wp-json\/wp\/v2\/users\/1"}],"replies":[{"embeddable":true,"href":"https:\/\/catieca.webs.upv.es\/index.php\/wp-json\/wp\/v2\/comments?post=1251"}],"version-history":[{"count":16,"href":"https:\/\/catieca.webs.upv.es\/index.php\/wp-json\/wp\/v2\/pages\/1251\/revisions"}],"predecessor-version":[{"id":1404,"href":"https:\/\/catieca.webs.upv.es\/index.php\/wp-json\/wp\/v2\/pages\/1251\/revisions\/1404"}],"wp:attachment":[{"href":"https:\/\/catieca.webs.upv.es\/index.php\/wp-json\/wp\/v2\/media?parent=1251"}],"wp:term":[{"taxonomy":"folder","embeddable":true,"href":"https:\/\/catieca.webs.upv.es\/index.php\/wp-json\/wp\/v2\/folder?post=1251"}],"curies":[{"name":"wp","href":"https:\/\/api.w.org\/{rel}","templated":true}]}}