{"id":1202,"date":"2023-12-10T14:12:21","date_gmt":"2023-12-10T14:12:21","guid":{"rendered":"https:\/\/catieca.webs.upv.es\/?page_id=1202"},"modified":"2023-12-13T15:49:33","modified_gmt":"2023-12-13T15:49:33","slug":"videos-integracion","status":"publish","type":"page","link":"https:\/\/catieca.webs.upv.es\/index.php\/videos-integracion\/","title":{"rendered":"Workshop Modelos y Experiencias de Integraci\u00f3n"},"content":{"rendered":"\t\t<div data-elementor-type=\"wp-page\" data-elementor-id=\"1202\" class=\"elementor elementor-1202\">\n\t\t\t\t\t\t<section class=\"elementor-section elementor-top-section elementor-element elementor-element-e4b4f32 elementor-section-boxed elementor-section-height-default elementor-section-height-default\" data-id=\"e4b4f32\" data-element_type=\"section\" data-e-type=\"section\">\n\t\t\t\t\t\t<div class=\"elementor-container elementor-column-gap-default\">\n\t\t\t\t\t<div class=\"elementor-column elementor-col-100 elementor-top-column elementor-element elementor-element-fe7258f\" data-id=\"fe7258f\" data-element_type=\"column\" data-e-type=\"column\">\n\t\t\t<div class=\"elementor-widget-wrap elementor-element-populated\">\n\t\t\t\t\t\t<div class=\"elementor-element elementor-element-d9b85fc elementor-widget elementor-widget-heading\" data-id=\"d9b85fc\" data-element_type=\"widget\" data-e-type=\"widget\" data-widget_type=\"heading.default\">\n\t\t\t\t<div class=\"elementor-widget-container\">\n\t\t\t\t\t<h2 class=\"elementor-heading-title elementor-size-large\">II Workshop Modelos y Experiencias de Integraci\u00f3n Cooperativa<\/h2>\t\t\t\t<\/div>\n\t\t\t\t<\/div>\n\t\t\t\t\t<\/div>\n\t\t<\/div>\n\t\t\t\t\t<\/div>\n\t\t<\/section>\n\t\t\t\t<section class=\"elementor-section elementor-top-section elementor-element elementor-element-f935d75 elementor-section-boxed elementor-section-height-default elementor-section-height-default\" data-id=\"f935d75\" data-element_type=\"section\" data-e-type=\"section\">\n\t\t\t\t\t\t<div class=\"elementor-container elementor-column-gap-default\">\n\t\t\t\t\t<div class=\"elementor-column elementor-col-100 elementor-top-column elementor-element elementor-element-0bcff95\" data-id=\"0bcff95\" data-element_type=\"column\" data-e-type=\"column\">\n\t\t\t<div class=\"elementor-widget-wrap elementor-element-populated\">\n\t\t\t\t\t\t<div class=\"elementor-element elementor-element-a313f62 elementor-widget elementor-widget-text-editor\" data-id=\"a313f62\" data-element_type=\"widget\" data-e-type=\"widget\" data-widget_type=\"text-editor.default\">\n\t\t\t\t<div class=\"elementor-widget-container\">\n\t\t\t\t\t\t\t\t\t<p><span style=\"color: #374151; font-family: S\u00f6hne, ui-sans-serif, system-ui, -apple-system, 'Segoe UI', Roboto, Ubuntu, Cantarell, 'Noto Sans', sans-serif, 'Helvetica Neue', Arial, 'Apple Color Emoji', 'Segoe UI Emoji', 'Segoe UI Symbol', 'Noto Color Emoji'; font-size: 16px; white-space-collapse: preserve;\">El II Workshop sobre Modelos y Experiencias de Integraci\u00f3n Cooperativa, organizado por la C\u00e1tedra de Integraci\u00f3n Empresarial de Cooperativas Agroalimentarias GVA-UPV, se llev\u00f3 a cabo el 29 de septiembre de 2023 en la Facultad de ADE de la UPV. El evento se centr\u00f3 en el debate y an\u00e1lisis de modelos de integraci\u00f3n en cooperativas agroalimentarias, incluyendo una experiencia internacional y dos casos de integraci\u00f3n a nivel nacional, involucrando a entidades como Green Fruits y Alimer. La asistencia al workshop fue gratuita, requiriendo inscripci\u00f3n previa<\/span><span style=\"color: #374151; font-family: S\u00f6hne, ui-sans-serif, system-ui, -apple-system, 'Segoe UI', Roboto, Ubuntu, Cantarell, 'Noto Sans', sans-serif, 'Helvetica Neue', Arial, 'Apple Color Emoji', 'Segoe UI Emoji', 'Segoe UI Symbol', 'Noto Color Emoji'; font-size: 16px; white-space-collapse: preserve;\">.<\/span><\/p>\t\t\t\t\t\t\t\t<\/div>\n\t\t\t\t<\/div>\n\t\t\t\t\t<\/div>\n\t\t<\/div>\n\t\t\t\t\t<\/div>\n\t\t<\/section>\n\t\t\t\t<section class=\"elementor-section elementor-top-section elementor-element elementor-element-8d1ff42 elementor-section-boxed elementor-section-height-default elementor-section-height-default\" data-id=\"8d1ff42\" data-element_type=\"section\" data-e-type=\"section\">\n\t\t\t\t\t\t<div class=\"elementor-container elementor-column-gap-default\">\n\t\t\t\t\t<div class=\"elementor-column elementor-col-50 elementor-top-column elementor-element elementor-element-357f6da\" data-id=\"357f6da\" data-element_type=\"column\" data-e-type=\"column\">\n\t\t\t<div class=\"elementor-widget-wrap elementor-element-populated\">\n\t\t\t\t\t\t<div class=\"elementor-element elementor-element-e8c1d57 elementor-widget elementor-widget-html\" data-id=\"e8c1d57\" data-element_type=\"widget\" data-e-type=\"widget\" data-widget_type=\"html.default\">\n\t\t\t\t<div class=\"elementor-widget-container\">\n\t\t\t\t\t<iframe allowfullscreen src=\"https:\/\/media.upv.es\/player\/embed.html?id=c3840200-976a-11ee-80dc-db0989b8109a\" style=\"border:0px #FFFFFF none;\" name=\"Paella Player\" scrolling=\"no\" frameborder=\"0\" marginheight=\"0px\" marginwidth=\"0px\" width=\"640\" height=\"360\"> <\/iframe>\t\t\t\t<\/div>\n\t\t\t\t<\/div>\n\t\t\t\t<div class=\"elementor-element elementor-element-ff1d263 elementor-widget elementor-widget-heading\" data-id=\"ff1d263\" data-element_type=\"widget\" data-e-type=\"widget\" data-widget_type=\"heading.default\">\n\t\t\t\t<div class=\"elementor-widget-container\">\n\t\t\t\t\t<h2 class=\"elementor-heading-title elementor-size-medium\">1. Inauguraci\u00f3n del Workshop<\/h2>\t\t\t\t<\/div>\n\t\t\t\t<\/div>\n\t\t\t\t\t<\/div>\n\t\t<\/div>\n\t\t\t\t<div class=\"elementor-column elementor-col-50 elementor-top-column elementor-element elementor-element-5609ae0\" data-id=\"5609ae0\" data-element_type=\"column\" data-e-type=\"column\">\n\t\t\t<div class=\"elementor-widget-wrap elementor-element-populated\">\n\t\t\t\t\t\t<div class=\"elementor-element elementor-element-e9bd9bf elementor-widget elementor-widget-html\" data-id=\"e9bd9bf\" data-element_type=\"widget\" data-e-type=\"widget\" data-widget_type=\"html.default\">\n\t\t\t\t<div class=\"elementor-widget-container\">\n\t\t\t\t\t<iframe allowfullscreen src=\"https:\/\/media.upv.es\/player\/embed.html?id=cc8f1250-9917-11ee-bbfe-c3c05e1be59f\" style=\"border:0px #FFFFFF none;\" name=\"Paella Player\" scrolling=\"no\" frameborder=\"0\" marginheight=\"0px\" marginwidth=\"0px\" width=\"640\" height=\"360\"> <\/iframe>\t\t\t\t<\/div>\n\t\t\t\t<\/div>\n\t\t\t\t<div class=\"elementor-element elementor-element-a569aa1 elementor-widget elementor-widget-heading\" data-id=\"a569aa1\" data-element_type=\"widget\" data-e-type=\"widget\" data-widget_type=\"heading.default\">\n\t\t\t\t<div class=\"elementor-widget-container\">\n\t\t\t\t\t<h2 class=\"elementor-heading-title elementor-size-medium\">2. Cooperativa Vip (Italia)<\/h2>\t\t\t\t<\/div>\n\t\t\t\t<\/div>\n\t\t\t\t\t<\/div>\n\t\t<\/div>\n\t\t\t\t\t<\/div>\n\t\t<\/section>\n\t\t\t\t<section class=\"elementor-section elementor-top-section elementor-element elementor-element-795627e elementor-section-boxed elementor-section-height-default elementor-section-height-default\" data-id=\"795627e\" data-element_type=\"section\" data-e-type=\"section\">\n\t\t\t\t\t\t<div class=\"elementor-container elementor-column-gap-default\">\n\t\t\t\t\t<div class=\"elementor-column elementor-col-50 elementor-top-column elementor-element elementor-element-e555eb8\" data-id=\"e555eb8\" data-element_type=\"column\" data-e-type=\"column\">\n\t\t\t<div class=\"elementor-widget-wrap elementor-element-populated\">\n\t\t\t\t\t\t<div class=\"elementor-element elementor-element-bf2204f elementor-widget elementor-widget-html\" data-id=\"bf2204f\" data-element_type=\"widget\" data-e-type=\"widget\" data-widget_type=\"html.default\">\n\t\t\t\t<div class=\"elementor-widget-container\">\n\t\t\t\t\t<iframe allowfullscreen src=\"https:\/\/media.upv.es\/player\/embed.html?id=a6ab67e0-9918-11ee-bfe8-3322e12f9123\" style=\"border:0px #FFFFFF none;\" name=\"Paella Player\" scrolling=\"no\" frameborder=\"0\" marginheight=\"0px\" marginwidth=\"0px\" width=\"640\" height=\"360\"> <\/iframe>\t\t\t\t<\/div>\n\t\t\t\t<\/div>\n\t\t\t\t<div class=\"elementor-element elementor-element-fbe2acc elementor-widget elementor-widget-heading\" data-id=\"fbe2acc\" data-element_type=\"widget\" data-e-type=\"widget\" data-widget_type=\"heading.default\">\n\t\t\t\t<div class=\"elementor-widget-container\">\n\t\t\t\t\t<h2 class=\"elementor-heading-title elementor-size-medium\">3. Cooperativa Green Fruits (Valencia)<\/h2>\t\t\t\t<\/div>\n\t\t\t\t<\/div>\n\t\t\t\t\t<\/div>\n\t\t<\/div>\n\t\t\t\t<div class=\"elementor-column elementor-col-50 elementor-top-column elementor-element elementor-element-ec7aad5\" data-id=\"ec7aad5\" data-element_type=\"column\" data-e-type=\"column\">\n\t\t\t<div class=\"elementor-widget-wrap elementor-element-populated\">\n\t\t\t\t\t\t<div class=\"elementor-element elementor-element-5e9f24b elementor-widget elementor-widget-html\" data-id=\"5e9f24b\" data-element_type=\"widget\" data-e-type=\"widget\" data-widget_type=\"html.default\">\n\t\t\t\t<div class=\"elementor-widget-container\">\n\t\t\t\t\t<iframe allowfullscreen src=\"https:\/\/media.upv.es\/player\/embed.html?id=e96de6b0-9919-11ee-bfe8-3322e12f9123\" style=\"border:0px #FFFFFF none;\" name=\"Paella Player\" scrolling=\"no\" frameborder=\"0\" marginheight=\"0px\" marginwidth=\"0px\" width=\"640\" height=\"360\"> <\/iframe>\t\t\t\t<\/div>\n\t\t\t\t<\/div>\n\t\t\t\t<div class=\"elementor-element elementor-element-13e8a23 elementor-widget elementor-widget-heading\" data-id=\"13e8a23\" data-element_type=\"widget\" data-e-type=\"widget\" data-widget_type=\"heading.default\">\n\t\t\t\t<div class=\"elementor-widget-container\">\n\t\t\t\t\t<h2 class=\"elementor-heading-title elementor-size-medium\">4. Cooperativa Alimer (Murcia)<\/h2>\t\t\t\t<\/div>\n\t\t\t\t<\/div>\n\t\t\t\t\t<\/div>\n\t\t<\/div>\n\t\t\t\t\t<\/div>\n\t\t<\/section>\n\t\t\t\t<section class=\"elementor-section elementor-top-section elementor-element elementor-element-423c228 elementor-section-boxed elementor-section-height-default elementor-section-height-default\" data-id=\"423c228\" data-element_type=\"section\" data-e-type=\"section\">\n\t\t\t\t\t\t<div class=\"elementor-container elementor-column-gap-default\">\n\t\t\t\t\t<div class=\"elementor-column elementor-col-50 elementor-top-column elementor-element elementor-element-297f46f\" data-id=\"297f46f\" data-element_type=\"column\" data-e-type=\"column\">\n\t\t\t<div class=\"elementor-widget-wrap elementor-element-populated\">\n\t\t\t\t\t\t<div class=\"elementor-element elementor-element-edb8b32 elementor-widget elementor-widget-html\" data-id=\"edb8b32\" data-element_type=\"widget\" data-e-type=\"widget\" data-widget_type=\"html.default\">\n\t\t\t\t<div class=\"elementor-widget-container\">\n\t\t\t\t\t<iframe allowfullscreen src=\"https:\/\/media.upv.es\/player\/embed.html?id=46581b10-991b-11ee-bfe8-3322e12f9123\" style=\"border:0px #FFFFFF none;\" name=\"Paella Player\" scrolling=\"no\" frameborder=\"0\" marginheight=\"0px\" marginwidth=\"0px\" width=\"640\" height=\"360\"> <\/iframe>\t\t\t\t<\/div>\n\t\t\t\t<\/div>\n\t\t\t\t<div class=\"elementor-element elementor-element-0a700db elementor-widget elementor-widget-heading\" data-id=\"0a700db\" data-element_type=\"widget\" data-e-type=\"widget\" data-widget_type=\"heading.default\">\n\t\t\t\t<div class=\"elementor-widget-container\">\n\t\t\t\t\t<h2 class=\"elementor-heading-title elementor-size-medium\">5. Clausura del Workshop<\/h2>\t\t\t\t<\/div>\n\t\t\t\t<\/div>\n\t\t\t\t\t<\/div>\n\t\t<\/div>\n\t\t\t\t<div class=\"elementor-column elementor-col-50 elementor-top-column elementor-element elementor-element-e49e350\" data-id=\"e49e350\" data-element_type=\"column\" data-e-type=\"column\">\n\t\t\t<div class=\"elementor-widget-wrap\">\n\t\t\t\t\t\t\t<\/div>\n\t\t<\/div>\n\t\t\t\t\t<\/div>\n\t\t<\/section>\n\t\t\t\t<\/div>\n\t\t","protected":false},"excerpt":{"rendered":"<p>II Workshop Modelos y Experiencias de Integraci\u00f3n Cooperativa El II Workshop sobre Modelos y Experiencias de Integraci\u00f3n Cooperativa, organizado por la C\u00e1tedra de Integraci\u00f3n Empresarial de Cooperativas Agroalimentarias GVA-UPV, se llev\u00f3 a cabo el 29 de septiembre de 2023 en la Facultad de ADE de la UPV. El evento se centr\u00f3 en el debate y&hellip; <a class=\"more-link\" href=\"https:\/\/catieca.webs.upv.es\/index.php\/videos-integracion\/\">Seguir leyendo <span class=\"screen-reader-text\">Workshop Modelos y Experiencias de Integraci\u00f3n<\/span><\/a><\/p>\n","protected":false},"author":1,"featured_media":0,"parent":0,"menu_order":5,"comment_status":"closed","ping_status":"closed","template":"","meta":{"footnotes":""},"folder":[],"class_list":["post-1202","page","type-page","status-publish","hentry","entry"],"yoast_head":"<!-- This site is optimized with the Yoast SEO plugin v27.6 - https:\/\/yoast.com\/product\/yoast-seo-wordpress\/ -->\n<title>Workshop Modelos y Experiencias de Integraci\u00f3n - C\u00e1tedra de Integraci\u00f3n Empresarial de Cooperativas Agroalimentarias<\/title>\n<meta name=\"description\" content=\"&quot;Conoce experiencias de integraci\u00f3n cooperativa exitosas en el sector agroalimentario espa\u00f1ol, a trav\u00e9s de nuestra colecci\u00f3n de videos. Aqu\u00ed encontrar\u00e1s, lecciones aprendidas y ejemplos inspiradores que fomentan la colaboraci\u00f3n efectiva entre agricultores y entre cooperativas.\" \/>\n<meta name=\"robots\" content=\"index, follow, max-snippet:-1, max-image-preview:large, max-video-preview:-1\" \/>\n<link rel=\"canonical\" href=\"https:\/\/catieca.webs.upv.es\/index.php\/videos-integracion\/\" \/>\n<meta property=\"og:locale\" content=\"es_ES\" \/>\n<meta property=\"og:type\" content=\"article\" \/>\n<meta property=\"og:title\" content=\"Workshop Modelos y Experiencias de Integraci\u00f3n - C\u00e1tedra de Integraci\u00f3n Empresarial de Cooperativas Agroalimentarias\" \/>\n<meta property=\"og:description\" content=\"&quot;Conoce experiencias de integraci\u00f3n cooperativa exitosas en el sector agroalimentario espa\u00f1ol, a trav\u00e9s de nuestra colecci\u00f3n de videos. Aqu\u00ed encontrar\u00e1s, lecciones aprendidas y ejemplos inspiradores que fomentan la colaboraci\u00f3n efectiva entre agricultores y entre cooperativas.\" \/>\n<meta property=\"og:url\" content=\"https:\/\/catieca.webs.upv.es\/index.php\/videos-integracion\/\" \/>\n<meta property=\"og:site_name\" content=\"C\u00e1tedra de Integraci\u00f3n Empresarial de Cooperativas Agroalimentarias\" \/>\n<meta property=\"article:modified_time\" content=\"2023-12-13T15:49:33+00:00\" \/>\n<meta name=\"twitter:card\" content=\"summary_large_image\" \/>\n<meta name=\"twitter:label1\" content=\"Tiempo de lectura\" \/>\n\t<meta name=\"twitter:data1\" content=\"1 minuto\" \/>\n<script type=\"application\/ld+json\" class=\"yoast-schema-graph\">{\"@context\":\"https:\\\/\\\/schema.org\",\"@graph\":[{\"@type\":\"WebPage\",\"@id\":\"https:\\\/\\\/catieca.webs.upv.es\\\/index.php\\\/videos-integracion\\\/\",\"url\":\"https:\\\/\\\/catieca.webs.upv.es\\\/index.php\\\/videos-integracion\\\/\",\"name\":\"Workshop Modelos y Experiencias de Integraci\u00f3n - C\u00e1tedra de Integraci\u00f3n Empresarial de Cooperativas Agroalimentarias\",\"isPartOf\":{\"@id\":\"https:\\\/\\\/catieca.webs.upv.es\\\/#website\"},\"datePublished\":\"2023-12-10T14:12:21+00:00\",\"dateModified\":\"2023-12-13T15:49:33+00:00\",\"description\":\"\\\"Conoce experiencias de integraci\u00f3n cooperativa exitosas en el sector agroalimentario espa\u00f1ol, a trav\u00e9s de nuestra colecci\u00f3n de videos. Aqu\u00ed encontrar\u00e1s, lecciones aprendidas y ejemplos inspiradores que fomentan la colaboraci\u00f3n efectiva entre agricultores y entre cooperativas.\",\"breadcrumb\":{\"@id\":\"https:\\\/\\\/catieca.webs.upv.es\\\/index.php\\\/videos-integracion\\\/#breadcrumb\"},\"inLanguage\":\"es\",\"potentialAction\":[{\"@type\":\"ReadAction\",\"target\":[\"https:\\\/\\\/catieca.webs.upv.es\\\/index.php\\\/videos-integracion\\\/\"]}]},{\"@type\":\"BreadcrumbList\",\"@id\":\"https:\\\/\\\/catieca.webs.upv.es\\\/index.php\\\/videos-integracion\\\/#breadcrumb\",\"itemListElement\":[{\"@type\":\"ListItem\",\"position\":1,\"name\":\"Home\",\"item\":\"https:\\\/\\\/catieca.webs.upv.es\\\/\"},{\"@type\":\"ListItem\",\"position\":2,\"name\":\"Workshop Modelos y Experiencias de Integraci\u00f3n\"}]},{\"@type\":\"WebSite\",\"@id\":\"https:\\\/\\\/catieca.webs.upv.es\\\/#website\",\"url\":\"https:\\\/\\\/catieca.webs.upv.es\\\/\",\"name\":\"C\u00e1tedra de Integraci\u00f3n Empresarial de Cooperativas Agroalimentarias\",\"description\":\"cooperativas, integraci\u00f3n, sostenibilidad\",\"publisher\":{\"@id\":\"https:\\\/\\\/catieca.webs.upv.es\\\/#organization\"},\"potentialAction\":[{\"@type\":\"SearchAction\",\"target\":{\"@type\":\"EntryPoint\",\"urlTemplate\":\"https:\\\/\\\/catieca.webs.upv.es\\\/?s={search_term_string}\"},\"query-input\":{\"@type\":\"PropertyValueSpecification\",\"valueRequired\":true,\"valueName\":\"search_term_string\"}}],\"inLanguage\":\"es\"},{\"@type\":\"Organization\",\"@id\":\"https:\\\/\\\/catieca.webs.upv.es\\\/#organization\",\"name\":\"C\u00e1tedra de Integraci\u00f3n Empresarial de Cooperativas Agroalimentarias\",\"url\":\"https:\\\/\\\/catieca.webs.upv.es\\\/\",\"logo\":{\"@type\":\"ImageObject\",\"inLanguage\":\"es\",\"@id\":\"https:\\\/\\\/catieca.webs.upv.es\\\/#\\\/schema\\\/logo\\\/image\\\/\",\"url\":\"https:\\\/\\\/catieca.webs.upv.es\\\/wp-content\\\/uploads\\\/2022\\\/11\\\/cropped-favicon.png\",\"contentUrl\":\"https:\\\/\\\/catieca.webs.upv.es\\\/wp-content\\\/uploads\\\/2022\\\/11\\\/cropped-favicon.png\",\"width\":512,\"height\":512,\"caption\":\"C\u00e1tedra de Integraci\u00f3n Empresarial de Cooperativas Agroalimentarias\"},\"image\":{\"@id\":\"https:\\\/\\\/catieca.webs.upv.es\\\/#\\\/schema\\\/logo\\\/image\\\/\"}}]}<\/script>\n<!-- \/ Yoast SEO plugin. -->","yoast_head_json":{"title":"Workshop Modelos y Experiencias de Integraci\u00f3n - C\u00e1tedra de Integraci\u00f3n Empresarial de Cooperativas Agroalimentarias","description":"\"Conoce experiencias de integraci\u00f3n cooperativa exitosas en el sector agroalimentario espa\u00f1ol, a trav\u00e9s de nuestra colecci\u00f3n de videos. Aqu\u00ed encontrar\u00e1s, lecciones aprendidas y ejemplos inspiradores que fomentan la colaboraci\u00f3n efectiva entre agricultores y entre cooperativas.","robots":{"index":"index","follow":"follow","max-snippet":"max-snippet:-1","max-image-preview":"max-image-preview:large","max-video-preview":"max-video-preview:-1"},"canonical":"https:\/\/catieca.webs.upv.es\/index.php\/videos-integracion\/","og_locale":"es_ES","og_type":"article","og_title":"Workshop Modelos y Experiencias de Integraci\u00f3n - C\u00e1tedra de Integraci\u00f3n Empresarial de Cooperativas Agroalimentarias","og_description":"\"Conoce experiencias de integraci\u00f3n cooperativa exitosas en el sector agroalimentario espa\u00f1ol, a trav\u00e9s de nuestra colecci\u00f3n de videos. Aqu\u00ed encontrar\u00e1s, lecciones aprendidas y ejemplos inspiradores que fomentan la colaboraci\u00f3n efectiva entre agricultores y entre cooperativas.","og_url":"https:\/\/catieca.webs.upv.es\/index.php\/videos-integracion\/","og_site_name":"C\u00e1tedra de Integraci\u00f3n Empresarial de Cooperativas Agroalimentarias","article_modified_time":"2023-12-13T15:49:33+00:00","twitter_card":"summary_large_image","twitter_misc":{"Tiempo de lectura":"1 minuto"},"schema":{"@context":"https:\/\/schema.org","@graph":[{"@type":"WebPage","@id":"https:\/\/catieca.webs.upv.es\/index.php\/videos-integracion\/","url":"https:\/\/catieca.webs.upv.es\/index.php\/videos-integracion\/","name":"Workshop Modelos y Experiencias de Integraci\u00f3n - C\u00e1tedra de Integraci\u00f3n Empresarial de Cooperativas Agroalimentarias","isPartOf":{"@id":"https:\/\/catieca.webs.upv.es\/#website"},"datePublished":"2023-12-10T14:12:21+00:00","dateModified":"2023-12-13T15:49:33+00:00","description":"\"Conoce experiencias de integraci\u00f3n cooperativa exitosas en el sector agroalimentario espa\u00f1ol, a trav\u00e9s de nuestra colecci\u00f3n de videos. Aqu\u00ed encontrar\u00e1s, lecciones aprendidas y ejemplos inspiradores que fomentan la colaboraci\u00f3n efectiva entre agricultores y entre cooperativas.","breadcrumb":{"@id":"https:\/\/catieca.webs.upv.es\/index.php\/videos-integracion\/#breadcrumb"},"inLanguage":"es","potentialAction":[{"@type":"ReadAction","target":["https:\/\/catieca.webs.upv.es\/index.php\/videos-integracion\/"]}]},{"@type":"BreadcrumbList","@id":"https:\/\/catieca.webs.upv.es\/index.php\/videos-integracion\/#breadcrumb","itemListElement":[{"@type":"ListItem","position":1,"name":"Home","item":"https:\/\/catieca.webs.upv.es\/"},{"@type":"ListItem","position":2,"name":"Workshop Modelos y Experiencias de Integraci\u00f3n"}]},{"@type":"WebSite","@id":"https:\/\/catieca.webs.upv.es\/#website","url":"https:\/\/catieca.webs.upv.es\/","name":"C\u00e1tedra de Integraci\u00f3n Empresarial de Cooperativas Agroalimentarias","description":"cooperativas, integraci\u00f3n, sostenibilidad","publisher":{"@id":"https:\/\/catieca.webs.upv.es\/#organization"},"potentialAction":[{"@type":"SearchAction","target":{"@type":"EntryPoint","urlTemplate":"https:\/\/catieca.webs.upv.es\/?s={search_term_string}"},"query-input":{"@type":"PropertyValueSpecification","valueRequired":true,"valueName":"search_term_string"}}],"inLanguage":"es"},{"@type":"Organization","@id":"https:\/\/catieca.webs.upv.es\/#organization","name":"C\u00e1tedra de Integraci\u00f3n Empresarial de Cooperativas Agroalimentarias","url":"https:\/\/catieca.webs.upv.es\/","logo":{"@type":"ImageObject","inLanguage":"es","@id":"https:\/\/catieca.webs.upv.es\/#\/schema\/logo\/image\/","url":"https:\/\/catieca.webs.upv.es\/wp-content\/uploads\/2022\/11\/cropped-favicon.png","contentUrl":"https:\/\/catieca.webs.upv.es\/wp-content\/uploads\/2022\/11\/cropped-favicon.png","width":512,"height":512,"caption":"C\u00e1tedra de Integraci\u00f3n Empresarial de Cooperativas Agroalimentarias"},"image":{"@id":"https:\/\/catieca.webs.upv.es\/#\/schema\/logo\/image\/"}}]}},"_links":{"self":[{"href":"https:\/\/catieca.webs.upv.es\/index.php\/wp-json\/wp\/v2\/pages\/1202","targetHints":{"allow":["GET"]}}],"collection":[{"href":"https:\/\/catieca.webs.upv.es\/index.php\/wp-json\/wp\/v2\/pages"}],"about":[{"href":"https:\/\/catieca.webs.upv.es\/index.php\/wp-json\/wp\/v2\/types\/page"}],"author":[{"embeddable":true,"href":"https:\/\/catieca.webs.upv.es\/index.php\/wp-json\/wp\/v2\/users\/1"}],"replies":[{"embeddable":true,"href":"https:\/\/catieca.webs.upv.es\/index.php\/wp-json\/wp\/v2\/comments?post=1202"}],"version-history":[{"count":42,"href":"https:\/\/catieca.webs.upv.es\/index.php\/wp-json\/wp\/v2\/pages\/1202\/revisions"}],"predecessor-version":[{"id":1307,"href":"https:\/\/catieca.webs.upv.es\/index.php\/wp-json\/wp\/v2\/pages\/1202\/revisions\/1307"}],"wp:attachment":[{"href":"https:\/\/catieca.webs.upv.es\/index.php\/wp-json\/wp\/v2\/media?parent=1202"}],"wp:term":[{"taxonomy":"folder","embeddable":true,"href":"https:\/\/catieca.webs.upv.es\/index.php\/wp-json\/wp\/v2\/folder?post=1202"}],"curies":[{"name":"wp","href":"https:\/\/api.w.org\/{rel}","templated":true}]}}